{"id":2921,"date":"2025-09-02T21:57:53","date_gmt":"2025-09-02T21:57:53","guid":{"rendered":"https:\/\/smartinsureme.com\/?page_id=2921"},"modified":"2025-11-03T15:46:33","modified_gmt":"2025-11-03T15:46:33","slug":"clientes-existentes","status":"publish","type":"page","link":"https:\/\/smartinsureme.com\/es\/existing-customers\/","title":{"rendered":"Clientes existentes"},"content":{"rendered":"\t\t<div data-elementor-type=\"wp-page\" data-elementor-id=\"2921\" class=\"elementor elementor-2921\" data-elementor-post-type=\"page\">\n\t\t\t\t<div class=\"elementor-element elementor-element-8a2e2d3 e-flex e-con-boxed e-con e-parent\" data-id=\"8a2e2d3\" data-element_type=\"container\" data-e-type=\"container\">\n\t\t\t\t\t<div class=\"e-con-inner\">\n\t\t\t\t<div class=\"elementor-element elementor-element-0e2f470 elementor-widget elementor-widget-wpforms\" data-id=\"0e2f470\" data-element_type=\"widget\" data-e-type=\"widget\" data-widget_type=\"wpforms.default\">\n\t\t\t\t<div class=\"elementor-widget-container\">\n\t\t\t\t\t<style id=\"wpforms-css-vars-elementor-widget-0e2f470\">\n\t\t\t\t.elementor-widget-wpforms.elementor-element-0e2f470 {\n\t\t\t\t--wpforms-button-background-color: #9ABC53;\n--wpforms-page-break-color: #9ABC53;\n\n\t\t\t}\n\t\t\t<\/style><div class=\"wpforms-container wpforms-container-full wpforms-render-modern\" id=\"wpforms-2909\"><form id=\"wpforms-form-2909\" class=\"wpforms-validate wpforms-form wpforms-ajax-form\" data-formid=\"2909\" method=\"post\" enctype=\"multipart\/form-data\" action=\"\/es\/wp-json\/wp\/v2\/pages\/2921\" data-token=\"2d8385e66c0736e0e1431246cec68940\" data-token-time=\"1776383570\"><div class=\"wpforms-head-container\"><div class=\"wpforms-title\">Existing Customers<\/div><\/div><noscript class=\"wpforms-error-noscript\">Por favor, activa JavaScript en tu navegador para completar este formulario.<\/noscript><div id=\"wpforms-error-noscript\" style=\"display: none;\">Por favor, activa JavaScript en tu navegador para completar este formulario.<\/div><div class=\"wpforms-field-container\"><div id=\"wpforms-2909-field_4-container\" class=\"wpforms-field wpforms-field-select wpforms-conditional-trigger wpforms-field-select-style-classic\" data-field-id=\"4\"><label class=\"wpforms-field-label\" for=\"wpforms-2909-field_4\">Choose One<\/label><select id=\"wpforms-2909-field_4\" class=\"wpforms-field-medium\" name=\"wpforms[fields][4]\"><option value=\"Make Payment\" >Make Payment<\/option><option value=\"Request Insurance Cards\" >Request Insurance Cards<\/option><option value=\"Restart Policy\" >Restart Policy<\/option><option value=\"Policy Change Request\" >Policy Change Request<\/option><option value=\"Cancel Policy\" >Cancel Policy<\/option><\/select><\/div><div id=\"wpforms-2909-field_1-container\" class=\"wpforms-field wpforms-field-name\" data-field-id=\"1\"><fieldset><legend class=\"wpforms-field-label\">Name <span class=\"wpforms-required-label\" aria-hidden=\"true\">*<\/span><\/legend><div class=\"wpforms-field-row wpforms-field-medium\"><div class=\"wpforms-field-row-block wpforms-first wpforms-one-half\"><input type=\"text\" id=\"wpforms-2909-field_1\" class=\"wpforms-field-name-first wpforms-field-required\" name=\"wpforms[fields][1][first]\" aria-errormessage=\"wpforms-2909-field_1-error\" required><label for=\"wpforms-2909-field_1\" class=\"wpforms-field-sublabel after\">Nombre<\/label><\/div><div class=\"wpforms-field-row-block wpforms-one-half\"><input type=\"text\" id=\"wpforms-2909-field_1-last\" class=\"wpforms-field-name-last wpforms-field-required\" name=\"wpforms[fields][1][last]\" aria-errormessage=\"wpforms-2909-field_1-last-error\" required><label for=\"wpforms-2909-field_1-last\" class=\"wpforms-field-sublabel after\">Apellidos<\/label><\/div><\/div><\/fieldset><\/div><div id=\"wpforms-2909-field_3-container\" class=\"wpforms-field wpforms-field-phone\" data-field-id=\"3\"><label class=\"wpforms-field-label\" for=\"wpforms-2909-field_3\">Phone<\/label><input type=\"tel\" id=\"wpforms-2909-field_3\" class=\"wpforms-field-medium wpforms-smart-phone-field\" data-rule-smart-phone-field=\"true\" name=\"wpforms[fields][3]\" aria-label=\"Phone\" aria-errormessage=\"wpforms-2909-field_3-error\" ><\/div><div id=\"wpforms-2909-field_2-container\" class=\"wpforms-field wpforms-field-email\" data-field-id=\"2\"><label class=\"wpforms-field-label\" for=\"wpforms-2909-field_2\">Email <span class=\"wpforms-required-label\" aria-hidden=\"true\">*<\/span><\/label><input type=\"email\" id=\"wpforms-2909-field_2\" class=\"wpforms-field-medium wpforms-field-required\" name=\"wpforms[fields][2]\" spellcheck=\"false\" aria-errormessage=\"wpforms-2909-field_2-error\" required><\/div>\t\t<div id=\"wpforms-2909-field_9-container\"\n\t\t\tclass=\"wpforms-field wpforms-field-text\"\n\t\t\tdata-field-type=\"text\"\n\t\t\tdata-field-id=\"9\"\n\t\t\t>\n\t\t\t<label class=\"wpforms-field-label\" for=\"wpforms-2909-field_9\" >Previous Name Policy<\/label>\n\t\t\t<input type=\"text\" id=\"wpforms-2909-field_9\" class=\"wpforms-field-medium\" name=\"wpforms[fields][9]\" >\n\t\t<\/div>\n\t\t<div id=\"wpforms-2909-field_7-container\" class=\"wpforms-field wpforms-field-textarea wpforms-conditional-field wpforms-conditional-show\" data-field-id=\"7\" style=\"display:none;\"><label class=\"wpforms-field-label\" for=\"wpforms-2909-field_7\">Any Changes To Previous Policy? <span class=\"wpforms-required-label\" aria-hidden=\"true\">*<\/span><\/label><textarea id=\"wpforms-2909-field_7\" class=\"wpforms-field-medium wpforms-field-required\" name=\"wpforms[fields][7]\" aria-errormessage=\"wpforms-2909-field_7-error\" required><\/textarea><\/div><div id=\"wpforms-2909-field_5-container\" class=\"wpforms-field wpforms-field-textarea wpforms-conditional-field wpforms-conditional-show\" data-field-id=\"5\" style=\"display:none;\"><label class=\"wpforms-field-label\" for=\"wpforms-2909-field_5\">Change Description <span class=\"wpforms-required-label\" aria-hidden=\"true\">*<\/span><\/label><textarea id=\"wpforms-2909-field_5\" class=\"wpforms-field-medium wpforms-field-required\" name=\"wpforms[fields][5]\" aria-errormessage=\"wpforms-2909-field_5-error\" required><\/textarea><\/div><div id=\"wpforms-2909-field_6-container\" class=\"wpforms-field wpforms-field-select wpforms-conditional-field wpforms-conditional-show wpforms-conditional-trigger wpforms-field-select-style-classic\" data-field-id=\"6\" style=\"display:none;\"><label class=\"wpforms-field-label\" for=\"wpforms-2909-field_6\">Do You Know Policy Number?<\/label><select id=\"wpforms-2909-field_6\" class=\"wpforms-field-medium\" name=\"wpforms[fields][6]\"><option value=\"Yes\" >Yes<\/option><option value=\"No\" >No<\/option><\/select><\/div><div id=\"wpforms-2909-field_8-container\" class=\"wpforms-field wpforms-field-text wpforms-conditional-field wpforms-conditional-show\" data-field-id=\"8\" style=\"display:none;\"><label class=\"wpforms-field-label\" for=\"wpforms-2909-field_8\">Add Policy Number <span class=\"wpforms-required-label\" aria-hidden=\"true\">*<\/span><\/label><input type=\"text\" id=\"wpforms-2909-field_8\" class=\"wpforms-field-medium wpforms-field-required\" name=\"wpforms[fields][8]\" aria-errormessage=\"wpforms-2909-field_8-error\" required><\/div><script>\n\t\t\t\t( function() {\n\t\t\t\t\tconst style = document.createElement( 'style' );\n\t\t\t\t\tstyle.appendChild( document.createTextNode( '#wpforms-2909-field_9-container { position: absolute !important; overflow: hidden !important; display: inline !important; height: 1px !important; width: 1px !important; z-index: -1000 !important; padding: 0 !important; } #wpforms-2909-field_9-container input { visibility: hidden; } #wpforms-conversational-form-page #wpforms-2909-field_9-container label { counter-increment: none; }' ) );\n\t\t\t\t\tdocument.head.appendChild( style );\n\t\t\t\t\tdocument.currentScript?.remove();\n\t\t\t\t} )();\n\t\t\t<\/script><\/div><!-- .wpforms-field-container --><div class=\"wpforms-submit-container\" ><input type=\"hidden\" name=\"wpforms[id]\" value=\"2909\"><input type=\"hidden\" name=\"page_title\" value=\"\"><input type=\"hidden\" name=\"page_url\" value=\"https:\/\/smartinsureme.com\/es\/wp-json\/wp\/v2\/pages\/2921\"><input type=\"hidden\" name=\"url_referer\" value=\"\"><button type=\"submit\" name=\"wpforms[submit]\" id=\"wpforms-submit-2909\" class=\"wpforms-submit\" data-alt-text=\"Sending...\" data-submit-text=\"Submit\" aria-live=\"assertive\" value=\"wpforms-submit\">Submit<\/button><img decoding=\"async\" src=\"https:\/\/smartinsureme.com\/wp-content\/plugins\/wpforms\/assets\/images\/submit-spin.svg\" class=\"wpforms-submit-spinner\" style=\"display: none;\" width=\"26\" height=\"26\" alt=\"Cargando\"><\/div><\/form><\/div>  <!-- .wpforms-container -->\t\t\t\t<\/div>\n\t\t\t\t<\/div>\n\t\t\t\t\t<\/div>\n\t\t\t\t<\/div>\n\t\t\t\t<\/div>\n\t\t","protected":false},"excerpt":{"rendered":"<p>Clientes actuales: Habilite JavaScript en su navegador para completar este formulario. Habilite JavaScript en su navegador para completar este formulario. Elija una opci\u00f3n: Realizar pago, Solicitar tarjetas de seguro, Reiniciar p\u00f3liza, Solicitar cambio de p\u00f3liza, Cancelar p\u00f3liza. Nombre * Nombre Apellido Tel\u00e9fono Correo electr\u00f3nico *\u00bfAlg\u00fan cambio con respecto a la p\u00f3liza anterior? *Descripci\u00f3n del cambio *\u00bfConoce el n\u00famero de p\u00f3liza? S\u00ed No Agregar n\u00famero de p\u00f3liza * Enviar<\/p>","protected":false},"author":1,"featured_media":0,"parent":0,"menu_order":0,"comment_status":"closed","ping_status":"closed","template":"","meta":{"footnotes":""},"class_list":["post-2921","page","type-page","status-publish","hentry"],"yoast_head":"<!-- This site is optimized with the Yoast SEO plugin v27.0 - https:\/\/yoast.com\/product\/yoast-seo-wordpress\/ -->\n<title>Manage Your Insurance Policy | Smart Insurance<\/title>\n<meta name=\"description\" content=\"Access your Smart Insurance account to view, update, or renew your existing insurance policy securely. Quick login for returning customers.\" \/>\n<meta name=\"robots\" content=\"index, follow, max-snippet:-1, max-image-preview:large, max-video-preview:-1\" \/>\n<link rel=\"canonical\" href=\"https:\/\/smartinsureme.com\/es\/clientes-existentes\/\" \/>\n<meta property=\"og:locale\" content=\"es_ES\" \/>\n<meta property=\"og:type\" content=\"article\" \/>\n<meta property=\"og:title\" content=\"Manage Your Insurance Policy | Smart Insurance\" \/>\n<meta property=\"og:description\" content=\"Access your Smart Insurance account to view, update, or renew your existing insurance policy securely. Quick login for returning customers.\" \/>\n<meta property=\"og:url\" content=\"https:\/\/smartinsureme.com\/es\/clientes-existentes\/\" \/>\n<meta property=\"og:site_name\" content=\"smartinsureme.com\" \/>\n<meta property=\"article:modified_time\" content=\"2025-11-03T15:46:33+00:00\" \/>\n<meta property=\"og:image\" content=\"https:\/\/smartinsureme.com\/wp-content\/plugins\/wpforms\/assets\/images\/submit-spin.svg\" \/>\n<meta name=\"twitter:card\" content=\"summary_large_image\" \/>\n<meta name=\"twitter:label1\" content=\"Tiempo de lectura\" \/>\n\t<meta name=\"twitter:data1\" content=\"1 minuto\" \/>\n<script type=\"application\/ld+json\" class=\"yoast-schema-graph\">{\"@context\":\"https:\/\/schema.org\",\"@graph\":[{\"@type\":\"WebPage\",\"@id\":\"https:\/\/smartinsureme.com\/existing-customers\/\",\"url\":\"https:\/\/smartinsureme.com\/existing-customers\/\",\"name\":\"Manage Your Insurance Policy | Smart Insurance\",\"isPartOf\":{\"@id\":\"https:\/\/smartinsureme.com\/#website\"},\"primaryImageOfPage\":{\"@id\":\"https:\/\/smartinsureme.com\/existing-customers\/#primaryimage\"},\"image\":{\"@id\":\"https:\/\/smartinsureme.com\/existing-customers\/#primaryimage\"},\"thumbnailUrl\":\"https:\/\/smartinsureme.com\/wp-content\/plugins\/wpforms\/assets\/images\/submit-spin.svg\",\"datePublished\":\"2025-09-02T21:57:53+00:00\",\"dateModified\":\"2025-11-03T15:46:33+00:00\",\"description\":\"Access your Smart Insurance account to view, update, or renew your existing insurance policy securely. Quick login for returning customers.\",\"breadcrumb\":{\"@id\":\"https:\/\/smartinsureme.com\/existing-customers\/#breadcrumb\"},\"inLanguage\":\"es\",\"potentialAction\":[{\"@type\":\"ReadAction\",\"target\":[\"https:\/\/smartinsureme.com\/existing-customers\/\"]}]},{\"@type\":\"ImageObject\",\"inLanguage\":\"es\",\"@id\":\"https:\/\/smartinsureme.com\/existing-customers\/#primaryimage\",\"url\":\"https:\/\/smartinsureme.com\/wp-content\/plugins\/wpforms\/assets\/images\/submit-spin.svg\",\"contentUrl\":\"https:\/\/smartinsureme.com\/wp-content\/plugins\/wpforms\/assets\/images\/submit-spin.svg\"},{\"@type\":\"BreadcrumbList\",\"@id\":\"https:\/\/smartinsureme.com\/existing-customers\/#breadcrumb\",\"itemListElement\":[{\"@type\":\"ListItem\",\"position\":1,\"name\":\"Home\",\"item\":\"https:\/\/smartinsureme.com\/\"},{\"@type\":\"ListItem\",\"position\":2,\"name\":\"Existing Customers\"}]},{\"@type\":\"WebSite\",\"@id\":\"https:\/\/smartinsureme.com\/#website\",\"url\":\"https:\/\/smartinsureme.com\/\",\"name\":\"smartinsureme.com\",\"description\":\"\",\"potentialAction\":[{\"@type\":\"SearchAction\",\"target\":{\"@type\":\"EntryPoint\",\"urlTemplate\":\"https:\/\/smartinsureme.com\/?s={search_term_string}\"},\"query-input\":{\"@type\":\"PropertyValueSpecification\",\"valueRequired\":true,\"valueName\":\"search_term_string\"}}],\"inLanguage\":\"es\"}]}<\/script>\n<!-- \/ Yoast SEO plugin. -->","yoast_head_json":{"title":"Administre Su P\u00f3liza de Seguro | Smart Insurance","description":"Acceda a su cuenta de Smart Insurance para ver, actualizar o renovar su p\u00f3liza de seguro existente de forma segura. Inicio de sesi\u00f3n r\u00e1pido para clientes que regresan.","robots":{"index":"index","follow":"follow","max-snippet":"max-snippet:-1","max-image-preview":"max-image-preview:large","max-video-preview":"max-video-preview:-1"},"canonical":"https:\/\/smartinsureme.com\/es\/clientes-existentes\/","og_locale":"es_ES","og_type":"article","og_title":"Manage Your Insurance Policy | Smart Insurance","og_description":"Access your Smart Insurance account to view, update, or renew your existing insurance policy securely. Quick login for returning customers.","og_url":"https:\/\/smartinsureme.com\/es\/clientes-existentes\/","og_site_name":"smartinsureme.com","article_modified_time":"2025-11-03T15:46:33+00:00","og_image":[{"url":"https:\/\/smartinsureme.com\/wp-content\/plugins\/wpforms\/assets\/images\/submit-spin.svg","type":"","width":"","height":""}],"twitter_card":"summary_large_image","twitter_misc":{"Tiempo de lectura":"1 minuto"},"schema":{"@context":"https:\/\/schema.org","@graph":[{"@type":"WebPage","@id":"https:\/\/smartinsureme.com\/existing-customers\/","url":"https:\/\/smartinsureme.com\/existing-customers\/","name":"Administre Su P\u00f3liza de Seguro | Smart Insurance","isPartOf":{"@id":"https:\/\/smartinsureme.com\/#website"},"primaryImageOfPage":{"@id":"https:\/\/smartinsureme.com\/existing-customers\/#primaryimage"},"image":{"@id":"https:\/\/smartinsureme.com\/existing-customers\/#primaryimage"},"thumbnailUrl":"https:\/\/smartinsureme.com\/wp-content\/plugins\/wpforms\/assets\/images\/submit-spin.svg","datePublished":"2025-09-02T21:57:53+00:00","dateModified":"2025-11-03T15:46:33+00:00","description":"Acceda a su cuenta de Smart Insurance para ver, actualizar o renovar su p\u00f3liza de seguro existente de forma segura. Inicio de sesi\u00f3n r\u00e1pido para clientes que regresan.","breadcrumb":{"@id":"https:\/\/smartinsureme.com\/existing-customers\/#breadcrumb"},"inLanguage":"es","potentialAction":[{"@type":"ReadAction","target":["https:\/\/smartinsureme.com\/existing-customers\/"]}]},{"@type":"ImageObject","inLanguage":"es","@id":"https:\/\/smartinsureme.com\/existing-customers\/#primaryimage","url":"https:\/\/smartinsureme.com\/wp-content\/plugins\/wpforms\/assets\/images\/submit-spin.svg","contentUrl":"https:\/\/smartinsureme.com\/wp-content\/plugins\/wpforms\/assets\/images\/submit-spin.svg"},{"@type":"BreadcrumbList","@id":"https:\/\/smartinsureme.com\/existing-customers\/#breadcrumb","itemListElement":[{"@type":"ListItem","position":1,"name":"Home","item":"https:\/\/smartinsureme.com\/"},{"@type":"ListItem","position":2,"name":"Existing Customers"}]},{"@type":"WebSite","@id":"https:\/\/smartinsureme.com\/#website","url":"https:\/\/smartinsureme.com\/","name":"smartinsureme.com","description":"","potentialAction":[{"@type":"SearchAction","target":{"@type":"EntryPoint","urlTemplate":"https:\/\/smartinsureme.com\/?s={search_term_string}"},"query-input":{"@type":"PropertyValueSpecification","valueRequired":true,"valueName":"search_term_string"}}],"inLanguage":"es"}]}},"_links":{"self":[{"href":"https:\/\/smartinsureme.com\/es\/wp-json\/wp\/v2\/pages\/2921","targetHints":{"allow":["GET"]}}],"collection":[{"href":"https:\/\/smartinsureme.com\/es\/wp-json\/wp\/v2\/pages"}],"about":[{"href":"https:\/\/smartinsureme.com\/es\/wp-json\/wp\/v2\/types\/page"}],"author":[{"embeddable":true,"href":"https:\/\/smartinsureme.com\/es\/wp-json\/wp\/v2\/users\/1"}],"replies":[{"embeddable":true,"href":"https:\/\/smartinsureme.com\/es\/wp-json\/wp\/v2\/comments?post=2921"}],"version-history":[{"count":4,"href":"https:\/\/smartinsureme.com\/es\/wp-json\/wp\/v2\/pages\/2921\/revisions"}],"predecessor-version":[{"id":2928,"href":"https:\/\/smartinsureme.com\/es\/wp-json\/wp\/v2\/pages\/2921\/revisions\/2928"}],"wp:attachment":[{"href":"https:\/\/smartinsureme.com\/es\/wp-json\/wp\/v2\/media?parent=2921"}],"curies":[{"name":"wp","href":"https:\/\/api.w.org\/{rel}","templated":true}]}}