{"id":2739,"date":"2025-08-24T20:34:18","date_gmt":"2025-08-24T20:34:18","guid":{"rendered":"https:\/\/smartinsureme.com\/?page_id=2739"},"modified":"2025-12-05T18:30:18","modified_gmt":"2025-12-05T18:30:18","slug":"seleccionar-seguro","status":"publish","type":"page","link":"https:\/\/smartinsureme.com\/es\/select-insurance\/","title":{"rendered":"Seleccione Seguros"},"content":{"rendered":"<div data-elementor-type=\"wp-page\" data-elementor-id=\"2739\" class=\"elementor elementor-2739\" data-elementor-post-type=\"page\">\n\t\t\t\t\t\t<section class=\"elementor-section elementor-top-section elementor-element elementor-element-d278d16 elementor-section-boxed elementor-section-height-default elementor-section-height-default\" data-id=\"d278d16\" data-element_type=\"section\" data-e-type=\"section\">\n\t\t\t\t\t\t<div class=\"elementor-container elementor-column-gap-default\">\n\t\t\t\t\t<div class=\"elementor-column elementor-col-100 elementor-top-column elementor-element elementor-element-5408592\" data-id=\"5408592\" data-element_type=\"column\" data-e-type=\"column\" data-settings=\"{&quot;background_background&quot;:&quot;classic&quot;}\">\n\t\t\t<div class=\"elementor-widget-wrap elementor-element-populated\">\n\t\t\t\t\t\t<div class=\"elementor-element elementor-element-99cb9ff elementor-widget__width-initial elementor-invisible elementor-widget elementor-widget-elementskit-heading\" data-id=\"99cb9ff\" data-element_type=\"widget\" data-e-type=\"widget\" data-settings=\"{&quot;_animation&quot;:&quot;fadeInUp&quot;,&quot;_animation_delay&quot;:200}\" data-widget_type=\"elementskit-heading.default\">\n\t\t\t\t\t<div class=\"ekit-wid-con\" ><div class=\"ekit-heading elementskit-section-title-wraper text_center   ekit_heading_tablet-   ekit_heading_mobile-text_center\"><h1 class=\"ekit-heading--title elementskit-section-title\">Seleccione un producto para comenzar su <span><span>Cita<\/span><\/span> <\/h1><\/div><\/div>\t\t\t\t<\/div>\n\t\t\t\t<div class=\"elementor-element elementor-element-e62dad9 elementor-widget elementor-widget-html\" data-id=\"e62dad9\" data-element_type=\"widget\" data-e-type=\"widget\" data-widget_type=\"html.default\">\n\t\t\t\t\t<!-- Insurance Buttons Section -->\r\n<div id=\"insurance-options\">\r\n  <button type=\"button\" class=\"insurance-btn\" data-link=\"https:\/\/smartinsureme.com\/auto-form\/\">Auto<\/button>\r\n  <button type=\"button\" class=\"insurance-btn\" data-link=\"https:\/\/smartinsureme.com\/health-form\/\">Salud<\/button>\r\n  <button type=\"button\" class=\"insurance-btn\" data-link=\"https:\/\/smartinsureme.com\/motorcycle-form\/\">Motocicleta<\/button>\r\n  <button type=\"button\" class=\"insurance-btn\" data-link=\"https:\/\/smartinsureme.com\/home-form\/\">Hogar<\/button>\r\n  <button type=\"button\" class=\"insurance-btn\" data-link=\"https:\/\/smartinsureme.com\/flood-form\/\">Inundaci\u00f3n<\/button>\r\n  <button type=\"button\" class=\"insurance-btn\" data-link=\"https:\/\/app.back9ins.com\/apply\/ShariqChakkiwala\/\">Vida<\/button>\r\n  <button type=\"button\" class=\"insurance-btn\" data-link=\"https:\/\/smart1insurance.propeller.insure\/axelerator-public\/\">Fianzas<\/button>\r\n  <button type=\"button\" class=\"insurance-btn\" data-link=\"https:\/\/smartinsureme.com\/renters-form\/\">Inquilinos<\/button>\r\n  <button type=\"button\" class=\"insurance-btn\" data-link=\"https:\/\/smartinsureme.com\/sr22-form\/\">SR22 (no propietarios)<\/button>\r\n  <button type=\"button\" class=\"insurance-btn\" data-link=\"https:\/\/smartinsureme.com\/boat-form\/\">Bote<\/button>\r\n  <button type=\"button\" class=\"insurance-btn\" data-link=\"https:\/\/smartinsureme.com\/commercial-auto-form\/\">Autos comerciales<\/button>\r\n  <button type=\"button\" class=\"insurance-btn\" data-link=\"https:\/\/smartinsureme.com\/commercial-liability-form\/\">Responsabilidad Comercial<\/button>\r\n  <button type=\"button\" class=\"insurance-btn\" data-link=\"https:\/\/smartinsureme.com\/travel-trailer-form\/\">Remolque de viaje<\/button>\r\n  <button type=\"button\" class=\"insurance-btn\" data-link=\"https:\/\/smartinsureme.com\/roadside-assistance-form\/\">Asistencia en Carretera<\/button>\r\n  <button type=\"button\" class=\"insurance-btn\" data-link=\"https:\/\/smartinsureme.com\/landlord-insurance-form\/\">Seguro para propietarios<\/button>\r\n<\/div>\r\n\r\n<style>\r\n:root {\r\n  --primary-color: #9abc53; \/* \u2705 Green *\/\r\n}\r\n\r\n\/* Insurance Buttons Grid *\/\r\n#insurance-options {\r\n  display: flex;\r\n  flex-wrap: wrap;\r\n  gap: 12px;\r\n}\r\n\r\n\/* Each Button *\/\r\n#insurance-options .insurance-btn {\r\n  padding: 6px 28px;\r\n  border: 1px solid var(--primary-color);\r\n  background-color: #ffffff;\r\n  color: var(--primary-color);\r\n  border-radius: 8px;\r\n  cursor: pointer;\r\n  transition: all 0.3s ease;\r\n  font-size: 15px;\r\n  font-weight: 400;\r\n  box-shadow: 0px 2px 5px rgba(0,0,0,0.08);\r\n}\r\n\r\n\/* Hover Effect *\/\r\n#insurance-options .insurance-btn:hover {\r\n  background-color: #f9fdf3;\r\n}\r\n<\/style>\r\n\r\n<script>\r\n\/\/ Redirect directly on click\r\ndocument.querySelectorAll(\".insurance-btn\").forEach(btn => {\r\n  btn.addEventListener(\"click\", function() {\r\n    let link = this.getAttribute(\"data-link\");\r\n    if (link) {\r\n      window.open(link, \"_blank\"); \/\/ Opens in new tab\r\n    }\r\n  });\r\n});\r\n<\/script>\r\n\t\t\t\t<\/div>\n\t\t\t\t<div class=\"elementor-element elementor-element-cdaef6b elementor-widget elementor-widget-button\" data-id=\"cdaef6b\" data-element_type=\"widget\" data-e-type=\"widget\" data-widget_type=\"button.default\">\n\t\t\t\t\t\t\t\t\t\t<a class=\"elementor-button elementor-size-sm\" role=\"button\">\n\t\t\t\t\t\t<span class=\"elementor-button-content-wrapper\">\n\t\t\t\t\t\t<span class=\"elementor-button-icon\">\n\t\t\t\t<i aria-hidden=\"true\" class=\"icon icon-phone-call\"><\/i>\t\t\t<\/span>\n\t\t\t\t\t\t\t\t\t<span class=\"elementor-button-text\">+1 (409) 738 2121<\/span>\n\t\t\t\t\t<\/span>\n\t\t\t\t\t<\/a>\n\t\t\t\t\t\t\t\t<\/div>\n\t\t\t\t\t<\/div>\n\t\t<\/div>\n\t\t\t\t\t<\/div>\n\t\t<\/section>\n\t\t\t\t<\/div>","protected":false},"excerpt":{"rendered":"<p>Seleccione un producto para comenzar su cotizaci\u00f3n Seguro de auto Seguro de salud Seguro de motocicleta Seguro de hogar Seguro contra inundaciones Seguro de vida Seguro para inquilinos SR22 (no propietarios) Seguro de embarcaciones Seguro de autom\u00f3vil comercial Seguro de responsabilidad civil Seguro de remolque de viaje Asistencia en carretera Seguro para propietarios +1 (409) 738 2121<\/p>","protected":false},"author":1,"featured_media":0,"parent":0,"menu_order":0,"comment_status":"closed","ping_status":"closed","template":"","meta":{"footnotes":""},"class_list":["post-2739","page","type-page","status-publish","hentry"],"yoast_head":"<!-- This site is optimized with the Yoast SEO plugin v27.0 - https:\/\/yoast.com\/product\/yoast-seo-wordpress\/ -->\n<title>Cheap Insurance For Low Income, TX | Get Free Quote Today!<\/title>\n<meta name=\"description\" content=\"Get cheap insurance for low-income Texans. Compare affordable coverage options and claim your free quote today with Smart Insurance.\" \/>\n<meta name=\"robots\" content=\"index, follow, max-snippet:-1, max-image-preview:large, max-video-preview:-1\" \/>\n<link rel=\"canonical\" href=\"https:\/\/smartinsureme.com\/es\/seleccionar-seguro\/\" \/>\n<meta property=\"og:locale\" content=\"es_ES\" \/>\n<meta property=\"og:type\" content=\"article\" \/>\n<meta property=\"og:title\" content=\"Cheap Insurance For Low Income, TX | Get Free Quote Today!\" \/>\n<meta property=\"og:description\" content=\"Get cheap insurance for low-income Texans. Compare affordable coverage options and claim your free quote today with Smart Insurance.\" \/>\n<meta property=\"og:url\" content=\"https:\/\/smartinsureme.com\/es\/seleccionar-seguro\/\" \/>\n<meta property=\"og:site_name\" content=\"smartinsureme.com\" \/>\n<meta property=\"article:modified_time\" content=\"2025-12-05T18:30:18+00:00\" \/>\n<meta name=\"twitter:card\" content=\"summary_large_image\" \/>\n<meta name=\"twitter:label1\" content=\"Tiempo de lectura\" \/>\n\t<meta name=\"twitter:data1\" content=\"1 minuto\" \/>\n<script type=\"application\/ld+json\" class=\"yoast-schema-graph\">{\"@context\":\"https:\/\/schema.org\",\"@graph\":[{\"@type\":\"WebPage\",\"@id\":\"https:\/\/smartinsureme.com\/select-insurance\/\",\"url\":\"https:\/\/smartinsureme.com\/select-insurance\/\",\"name\":\"Cheap Insurance For Low Income, TX | Get Free Quote Today!\",\"isPartOf\":{\"@id\":\"https:\/\/smartinsureme.com\/#website\"},\"datePublished\":\"2025-08-24T20:34:18+00:00\",\"dateModified\":\"2025-12-05T18:30:18+00:00\",\"description\":\"Get cheap insurance for low-income Texans. Compare affordable coverage options and claim your free quote today with Smart Insurance.\",\"breadcrumb\":{\"@id\":\"https:\/\/smartinsureme.com\/select-insurance\/#breadcrumb\"},\"inLanguage\":\"es\",\"potentialAction\":[{\"@type\":\"ReadAction\",\"target\":[\"https:\/\/smartinsureme.com\/select-insurance\/\"]}]},{\"@type\":\"BreadcrumbList\",\"@id\":\"https:\/\/smartinsureme.com\/select-insurance\/#breadcrumb\",\"itemListElement\":[{\"@type\":\"ListItem\",\"position\":1,\"name\":\"Home\",\"item\":\"https:\/\/smartinsureme.com\/\"},{\"@type\":\"ListItem\",\"position\":2,\"name\":\"Select Insurance\"}]},{\"@type\":\"WebSite\",\"@id\":\"https:\/\/smartinsureme.com\/#website\",\"url\":\"https:\/\/smartinsureme.com\/\",\"name\":\"smartinsureme.com\",\"description\":\"\",\"potentialAction\":[{\"@type\":\"SearchAction\",\"target\":{\"@type\":\"EntryPoint\",\"urlTemplate\":\"https:\/\/smartinsureme.com\/?s={search_term_string}\"},\"query-input\":{\"@type\":\"PropertyValueSpecification\",\"valueRequired\":true,\"valueName\":\"search_term_string\"}}],\"inLanguage\":\"es\"}]}<\/script>\n<!-- \/ Yoast SEO plugin. -->","yoast_head_json":{"title":"Seguro barato para personas de bajos ingresos, TX | \u00a1Obtenga una cotizaci\u00f3n gratis hoy!","description":"Obtenga un seguro econ\u00f3mico para tejanos de bajos ingresos. Compare opciones de cobertura asequibles y solicite su cotizaci\u00f3n gratuita hoy mismo con Smart Insurance.","robots":{"index":"index","follow":"follow","max-snippet":"max-snippet:-1","max-image-preview":"max-image-preview:large","max-video-preview":"max-video-preview:-1"},"canonical":"https:\/\/smartinsureme.com\/es\/seleccionar-seguro\/","og_locale":"es_ES","og_type":"article","og_title":"Cheap Insurance For Low Income, TX | Get Free Quote Today!","og_description":"Get cheap insurance for low-income Texans. Compare affordable coverage options and claim your free quote today with Smart Insurance.","og_url":"https:\/\/smartinsureme.com\/es\/seleccionar-seguro\/","og_site_name":"smartinsureme.com","article_modified_time":"2025-12-05T18:30:18+00:00","twitter_card":"summary_large_image","twitter_misc":{"Tiempo de lectura":"1 minuto"},"schema":{"@context":"https:\/\/schema.org","@graph":[{"@type":"WebPage","@id":"https:\/\/smartinsureme.com\/select-insurance\/","url":"https:\/\/smartinsureme.com\/select-insurance\/","name":"Seguro barato para personas de bajos ingresos, TX | \u00a1Obtenga una cotizaci\u00f3n gratis hoy!","isPartOf":{"@id":"https:\/\/smartinsureme.com\/#website"},"datePublished":"2025-08-24T20:34:18+00:00","dateModified":"2025-12-05T18:30:18+00:00","description":"Obtenga un seguro econ\u00f3mico para tejanos de bajos ingresos. Compare opciones de cobertura asequibles y solicite su cotizaci\u00f3n gratuita hoy mismo con Smart Insurance.","breadcrumb":{"@id":"https:\/\/smartinsureme.com\/select-insurance\/#breadcrumb"},"inLanguage":"es","potentialAction":[{"@type":"ReadAction","target":["https:\/\/smartinsureme.com\/select-insurance\/"]}]},{"@type":"BreadcrumbList","@id":"https:\/\/smartinsureme.com\/select-insurance\/#breadcrumb","itemListElement":[{"@type":"ListItem","position":1,"name":"Home","item":"https:\/\/smartinsureme.com\/"},{"@type":"ListItem","position":2,"name":"Select Insurance"}]},{"@type":"WebSite","@id":"https:\/\/smartinsureme.com\/#website","url":"https:\/\/smartinsureme.com\/","name":"smartinsureme.com","description":"","potentialAction":[{"@type":"SearchAction","target":{"@type":"EntryPoint","urlTemplate":"https:\/\/smartinsureme.com\/?s={search_term_string}"},"query-input":{"@type":"PropertyValueSpecification","valueRequired":true,"valueName":"search_term_string"}}],"inLanguage":"es"}]}},"_links":{"self":[{"href":"https:\/\/smartinsureme.com\/es\/wp-json\/wp\/v2\/pages\/2739","targetHints":{"allow":["GET"]}}],"collection":[{"href":"https:\/\/smartinsureme.com\/es\/wp-json\/wp\/v2\/pages"}],"about":[{"href":"https:\/\/smartinsureme.com\/es\/wp-json\/wp\/v2\/types\/page"}],"author":[{"embeddable":true,"href":"https:\/\/smartinsureme.com\/es\/wp-json\/wp\/v2\/users\/1"}],"replies":[{"embeddable":true,"href":"https:\/\/smartinsureme.com\/es\/wp-json\/wp\/v2\/comments?post=2739"}],"version-history":[{"count":16,"href":"https:\/\/smartinsureme.com\/es\/wp-json\/wp\/v2\/pages\/2739\/revisions"}],"predecessor-version":[{"id":3223,"href":"https:\/\/smartinsureme.com\/es\/wp-json\/wp\/v2\/pages\/2739\/revisions\/3223"}],"wp:attachment":[{"href":"https:\/\/smartinsureme.com\/es\/wp-json\/wp\/v2\/media?parent=2739"}],"curies":[{"name":"wp","href":"https:\/\/api.w.org\/{rel}","templated":true}]}}