{"id":2660,"date":"2025-08-24T11:56:30","date_gmt":"2025-08-24T11:56:30","guid":{"rendered":"https:\/\/smartinsureme.com\/?page_id=2660"},"modified":"2025-10-31T11:24:27","modified_gmt":"2025-10-31T11:24:27","slug":"formulario-de-hogar","status":"publish","type":"page","link":"https:\/\/smartinsureme.com\/es\/home-form\/","title":{"rendered":"Formulario de inicio"},"content":{"rendered":"\t\t<div data-elementor-type=\"wp-page\" data-elementor-id=\"2660\" class=\"elementor elementor-2660\" data-elementor-post-type=\"page\">\n\t\t\t\t<div class=\"elementor-element elementor-element-20ae3df e-flex e-con-boxed e-con e-parent\" data-id=\"20ae3df\" data-element_type=\"container\" data-e-type=\"container\">\n\t\t\t\t\t<div class=\"e-con-inner\">\n\t\t\t\t<div class=\"elementor-element elementor-element-589810d elementor-widget__width-initial elementor-invisible elementor-widget elementor-widget-elementskit-heading\" data-id=\"589810d\" data-element_type=\"widget\" data-e-type=\"widget\" data-settings=\"{&quot;_animation&quot;:&quot;fadeInUp&quot;,&quot;_animation_delay&quot;:200}\" data-widget_type=\"elementskit-heading.default\">\n\t\t\t\t\t<div class=\"ekit-wid-con\" ><div class=\"ekit-heading elementskit-section-title-wraper text_center   ekit_heading_tablet-   ekit_heading_mobile-text_center\"><h1 class=\"ekit-heading--title elementskit-section-title \">Get Your  <span><span>Home Insurance<\/span><\/span> Today<\/h1><\/div><\/div>\t\t\t\t<\/div>\n\t\t\t\t\t<\/div>\n\t\t\t\t<\/div>\n\t\t<div class=\"elementor-element elementor-element-7b57ba0 e-flex e-con-boxed e-con e-parent\" data-id=\"7b57ba0\" data-element_type=\"container\" data-e-type=\"container\">\n\t\t\t\t\t<div class=\"e-con-inner\">\n\t\t\t\t<div class=\"elementor-element elementor-element-805e002 elementor-widget elementor-widget-wpforms\" data-id=\"805e002\" data-element_type=\"widget\" data-e-type=\"widget\" data-widget_type=\"wpforms.default\">\n\t\t\t\t<div class=\"elementor-widget-container\">\n\t\t\t\t\t<style id=\"wpforms-css-vars-elementor-widget-805e002\">\n\t\t\t\t.elementor-widget-wpforms.elementor-element-805e002 {\n\t\t\t\t--wpforms-button-background-color: #9ABC53;\n--wpforms-page-break-color: #9ABC53;\n\n\t\t\t}\n\t\t\t<\/style><div class=\"wpforms-container wpforms-container-full wpforms-render-modern\" id=\"wpforms-2662\"><form id=\"wpforms-form-2662\" class=\"wpforms-validate wpforms-form wpforms-ajax-form\" data-formid=\"2662\" method=\"post\" enctype=\"multipart\/form-data\" action=\"\/es\/wp-json\/wp\/v2\/pages\/2660\" data-token=\"09d277d31b3b94e87d352a9dbd714786\" data-token-time=\"1776387762\"><noscript class=\"wpforms-error-noscript\">Por favor, activa JavaScript en tu navegador para completar este formulario.<\/noscript><div id=\"wpforms-error-noscript\" style=\"display: none;\">Por favor, activa JavaScript en tu navegador para completar este formulario.<\/div><div class=\"wpforms-page-indicator connector\" data-indicator=\"connector\" data-indicator-color=\"#066aab\" data-scroll=\"1\" role=\"progressbar\" aria-valuenow=\"1\" aria-valuemin=\"1\" aria-valuemax=\"2\" tabindex=\"-1\"><div class=\"wpforms-page-indicator-page active wpforms-page-indicator-page-1\" style=\"width:50%;\"><span class=\"wpforms-page-indicator-page-number\" style=\"background-color:#066aab\">1<span class=\"wpforms-page-indicator-page-triangle\" style=\"border-top-color:#066aab\"><\/span><\/span><span class=\"wpforms-page-indicator-page-title\">Demographic Information<\/span><\/div><div class=\"wpforms-page-indicator-page  wpforms-page-indicator-page-2\" style=\"width:50%;\"><span class=\"wpforms-page-indicator-page-number\">2<span class=\"wpforms-page-indicator-page-triangle\"><\/span><\/span><span class=\"wpforms-page-indicator-page-title\">Coverege<\/span><\/div><\/div><div class=\"wpforms-field-container\"><div class=\"wpforms-page wpforms-page-1 \" data-page=\"1\"><div id=\"wpforms-2662-field_6-container\" class=\"wpforms-field wpforms-field-pagebreak\" data-field-id=\"6\"><\/div><div id=\"wpforms-2662-field_1-container\" class=\"wpforms-field wpforms-field-name\" data-field-id=\"1\"><fieldset><legend class=\"wpforms-field-label\">Name <span class=\"wpforms-required-label\" aria-hidden=\"true\">*<\/span><\/legend><div class=\"wpforms-field-row wpforms-field-medium\"><div class=\"wpforms-field-row-block wpforms-first wpforms-one-half\"><input type=\"text\" id=\"wpforms-2662-field_1\" class=\"wpforms-field-name-first wpforms-field-required\" name=\"wpforms[fields][1][first]\" aria-errormessage=\"wpforms-2662-field_1-error\" required><label for=\"wpforms-2662-field_1\" class=\"wpforms-field-sublabel after\">Nombre<\/label><\/div><div class=\"wpforms-field-row-block wpforms-one-half\"><input type=\"text\" id=\"wpforms-2662-field_1-last\" class=\"wpforms-field-name-last wpforms-field-required\" name=\"wpforms[fields][1][last]\" aria-errormessage=\"wpforms-2662-field_1-last-error\" required><label for=\"wpforms-2662-field_1-last\" class=\"wpforms-field-sublabel after\">Apellidos<\/label><\/div><\/div><\/fieldset><\/div><div id=\"wpforms-2662-field_4-container\" class=\"wpforms-field wpforms-field-phone\" data-field-id=\"4\"><label class=\"wpforms-field-label\" for=\"wpforms-2662-field_4\">Phone<\/label><input type=\"tel\" id=\"wpforms-2662-field_4\" class=\"wpforms-field-medium wpforms-smart-phone-field\" data-rule-smart-phone-field=\"true\" name=\"wpforms[fields][4]\" aria-label=\"Phone\" aria-errormessage=\"wpforms-2662-field_4-error\" ><\/div><div id=\"wpforms-2662-field_2-container\" class=\"wpforms-field wpforms-field-email\" data-field-id=\"2\"><label class=\"wpforms-field-label\" for=\"wpforms-2662-field_2\">Email <span class=\"wpforms-required-label\" aria-hidden=\"true\">*<\/span><\/label><input type=\"email\" id=\"wpforms-2662-field_2\" class=\"wpforms-field-medium wpforms-field-required\" name=\"wpforms[fields][2]\" spellcheck=\"false\" aria-errormessage=\"wpforms-2662-field_2-error\" required><\/div><div id=\"wpforms-2662-field_3-container\" class=\"wpforms-field wpforms-field-address\" data-field-id=\"3\"><fieldset><legend class=\"wpforms-field-label\">Address <span class=\"wpforms-required-label\" aria-hidden=\"true\">*<\/span><\/legend><div class=\"wpforms-field-row wpforms-field-medium\"><div ><input type=\"text\" id=\"wpforms-2662-field_3\" class=\"wpforms-field-address-address1 wpforms-field-required\" name=\"wpforms[fields][3][address1]\" aria-errormessage=\"wpforms-2662-field_3-error\" required><label for=\"wpforms-2662-field_3\" class=\"wpforms-field-sublabel after\">Direcci\u00f3n (l\u00ednea 1)<\/label><\/div><\/div><div class=\"wpforms-field-row wpforms-field-medium\"><div class=\"wpforms-field-row-block wpforms-one-half wpforms-first\"><input type=\"text\" id=\"wpforms-2662-field_3-city\" class=\"wpforms-field-address-city wpforms-field-required\" name=\"wpforms[fields][3][city]\" aria-errormessage=\"wpforms-2662-field_3-city-error\" required><label for=\"wpforms-2662-field_3-city\" class=\"wpforms-field-sublabel after\">Ciudad<\/label><\/div><div class=\"wpforms-field-row-block wpforms-one-half\"><select id=\"wpforms-2662-field_3-state\" class=\"wpforms-field-address-state wpforms-field-required\" name=\"wpforms[fields][3][state]\" aria-errormessage=\"wpforms-2662-field_3-state-error\" required><option class=\"placeholder\" value=\"\" selected disabled>--- Selecciona state ---<\/option><option value=\"AL\" >Alabama<\/option><option value=\"AK\" >Alaska<\/option><option value=\"AZ\" >Arizona<\/option><option value=\"AR\" >Arkansas<\/option><option value=\"CA\" >California<\/option><option value=\"CO\" >Colorado<\/option><option value=\"CT\" >Connecticut<\/option><option value=\"DE\" >Delaware<\/option><option value=\"DC\" >Distrito de Columbia<\/option><option value=\"FL\" >Florida<\/option><option value=\"GA\" >Georgia<\/option><option value=\"HI\" >Hawai<\/option><option value=\"ID\" >Idaho<\/option><option value=\"IL\" >Illinois<\/option><option value=\"IN\" >Indiana<\/option><option value=\"IA\" >Iowa<\/option><option value=\"KS\" >Kansas<\/option><option value=\"KY\" >Kentucky<\/option><option value=\"LA\" >Luisiana<\/option><option value=\"ME\" >Maine<\/option><option value=\"MD\" >Maryland<\/option><option value=\"MA\" >Massachusetts<\/option><option value=\"MI\" >M\u00edchigan<\/option><option value=\"MN\" >Minnesota<\/option><option value=\"MS\" >Misisip\u00ed<\/option><option value=\"MO\" >Misuri<\/option><option value=\"MT\" >Montana<\/option><option value=\"NE\" >Nebraska<\/option><option value=\"NV\" >Nevada<\/option><option value=\"NH\" >Nuevo Hampshire<\/option><option value=\"NJ\" >Nueva Jersey<\/option><option value=\"NM\" >Nuevo M\u00e9xico<\/option><option value=\"NY\" >Nueva York<\/option><option value=\"NC\" >Carolina del norte<\/option><option value=\"ND\" >Dakota del norte<\/option><option value=\"OH\" >Ohio<\/option><option value=\"OK\" >Oklahoma<\/option><option value=\"OR\" >Oreg\u00f3n<\/option><option value=\"PA\" >Pensilvania<\/option><option value=\"RI\" >Rhode Island<\/option><option value=\"SC\" >Carolina del Sur<\/option><option value=\"SD\" >Dakota del Sur<\/option><option value=\"TN\" >Tennessee<\/option><option value=\"TX\" >Texas<\/option><option value=\"UT\" >Utah<\/option><option value=\"VT\" >Vermont<\/option><option value=\"VA\" >Virginia<\/option><option value=\"WA\" >Washington<\/option><option value=\"WV\" >Virginia Occidental<\/option><option value=\"WI\" >Wisconsin<\/option><option value=\"WY\" >Wyoming<\/option><\/select><label for=\"wpforms-2662-field_3-state\" class=\"wpforms-field-sublabel after\">Provincia<\/label><\/div><\/div><div class=\"wpforms-field-row wpforms-field-medium\"><div class=\"wpforms-field-row-block wpforms-one-half wpforms-first\"><input type=\"text\" id=\"wpforms-2662-field_3-postal\" class=\"wpforms-field-address-postal wpforms-field-required wpforms-masked-input\" data-inputmask-mask=\"(99999)|(99999-9999)\" data-inputmask-keepstatic=\"true\" data-rule-inputmask-incomplete=\"1\" name=\"wpforms[fields][3][postal]\" aria-errormessage=\"wpforms-2662-field_3-postal-error\" required><label for=\"wpforms-2662-field_3-postal\" class=\"wpforms-field-sublabel after\">C\u00f3digo Postal<\/label><\/div><\/div><\/fieldset><\/div><div id=\"wpforms-2662-field_5-container\" class=\"wpforms-field wpforms-field-pagebreak\" data-field-id=\"5\"><div class=\"wpforms-clear wpforms-pagebreak-left\"><button class=\"wpforms-page-button wpforms-page-next wpforms-disabled\"\n\t\t\t\t\tdata-action=\"next\" data-page=\"1\" data-formid=\"2662\" aria-disabled=\"true\" aria-describedby=\"wpforms-error-noscript\">Next<\/button><\/div><\/div><\/div><div class=\"wpforms-page wpforms-page-2 last \" data-page=\"2\" style=\"display:none;\"><div id=\"wpforms-2662-field_9-container\" class=\"wpforms-field wpforms-field-text\" data-field-id=\"9\"><label class=\"wpforms-field-label\" for=\"wpforms-2662-field_9\">Year Of Home Built<\/label><input type=\"text\" id=\"wpforms-2662-field_9\" class=\"wpforms-field-medium\" name=\"wpforms[fields][9]\" aria-errormessage=\"wpforms-2662-field_9-error\" ><\/div>\t\t<div id=\"wpforms-2662-field_10-container\"\n\t\t\tclass=\"wpforms-field wpforms-field-text\"\n\t\t\tdata-field-type=\"text\"\n\t\t\tdata-field-id=\"10\"\n\t\t\t>\n\t\t\t<label class=\"wpforms-field-label\" for=\"wpforms-2662-field_10\" >Phone Built Requested<\/label>\n\t\t\t<input type=\"text\" id=\"wpforms-2662-field_10\" class=\"wpforms-field-medium\" name=\"wpforms[fields][10]\" >\n\t\t<\/div>\n\t\t<div id=\"wpforms-2662-field_8-container\" class=\"wpforms-field wpforms-field-text\" data-field-id=\"8\"><label class=\"wpforms-field-label\" for=\"wpforms-2662-field_8\">Requested Dwelling Coverage Amount <span class=\"wpforms-required-label\" aria-hidden=\"true\">*<\/span><\/label><input type=\"text\" id=\"wpforms-2662-field_8\" class=\"wpforms-field-medium wpforms-field-required\" name=\"wpforms[fields][8]\" aria-errormessage=\"wpforms-2662-field_8-error\" required><\/div><div id=\"wpforms-2662-field_7-container\" class=\"wpforms-field wpforms-field-pagebreak\" data-field-id=\"7\"><div class=\"wpforms-clear wpforms-pagebreak-left\"><button class=\"wpforms-page-button wpforms-page-prev wpforms-disabled\"\n\t\t\t\t\tdata-action=\"prev\" data-page=\"2\" data-formid=\"2662\" aria-disabled=\"true\" aria-describedby=\"wpforms-error-noscript\">Previous<\/button><\/div><\/div><\/div><script>\n\t\t\t\t( function() {\n\t\t\t\t\tconst style = document.createElement( 'style' );\n\t\t\t\t\tstyle.appendChild( document.createTextNode( '#wpforms-2662-field_10-container { position: absolute !important; overflow: hidden !important; display: inline !important; height: 1px !important; width: 1px !important; z-index: -1000 !important; padding: 0 !important; } #wpforms-2662-field_10-container input { visibility: hidden; } #wpforms-conversational-form-page #wpforms-2662-field_10-container label { counter-increment: none; }' ) );\n\t\t\t\t\tdocument.head.appendChild( style );\n\t\t\t\t\tdocument.currentScript?.remove();\n\t\t\t\t} )();\n\t\t\t<\/script><\/div><!-- .wpforms-field-container --><div class=\"wpforms-submit-container\" style=\"display:none;\"><input type=\"hidden\" name=\"wpforms[id]\" value=\"2662\"><input type=\"hidden\" name=\"page_title\" value=\"\"><input type=\"hidden\" name=\"page_url\" value=\"https:\/\/smartinsureme.com\/es\/wp-json\/wp\/v2\/pages\/2660\"><input type=\"hidden\" name=\"url_referer\" value=\"\"><button type=\"submit\" name=\"wpforms[submit]\" id=\"wpforms-submit-2662\" class=\"wpforms-submit\" data-alt-text=\"Sending...\" data-submit-text=\"Submit\" aria-live=\"assertive\" value=\"wpforms-submit\">Submit<\/button><img decoding=\"async\" src=\"https:\/\/smartinsureme.com\/wp-content\/plugins\/wpforms\/assets\/images\/submit-spin.svg\" class=\"wpforms-submit-spinner\" style=\"display: none;\" width=\"26\" height=\"26\" alt=\"Cargando\"><\/div><\/form><\/div>  <!-- .wpforms-container -->\t\t\t\t<\/div>\n\t\t\t\t<\/div>\n\t\t\t\t\t<\/div>\n\t\t\t\t<\/div>\n\t\t\t\t<\/div>\n\t\t","protected":false},"excerpt":{"rendered":"<p>Get Your Home Insurance Today Please enable JavaScript in your browser to complete this form.Please enable JavaScript in your browser to complete this form.1Demographic Information2Coverege3Preview &amp; Submit Name * FirstLast Phone Email * Address * Address Line 1City&#8212; Select state &#8212;AlabamaAlaskaArizonaArkansasCaliforniaColoradoConnecticutDelawareDistrict of ColumbiaFloridaGeorgiaHawaiiIdahoIllinoisIndianaIowaKansasKentuckyLouisianaMaineMarylandMassachusettsMichiganMinnesotaMississippiMissouriMontanaNebraskaNevadaNew HampshireNew JerseyNew MexicoNew YorkNorth CarolinaNorth DakotaOhioOklahomaOregonPennsylvaniaRhode IslandSouth CarolinaSouth DakotaTennesseeTexasUtahVermontVirginiaWashingtonWest VirginiaWisconsinWyomingStateZip Code NextYear [&hellip;]<\/p>\n","protected":false},"author":1,"featured_media":0,"parent":0,"menu_order":0,"comment_status":"closed","ping_status":"closed","template":"","meta":{"footnotes":""},"class_list":["post-2660","page","type-page","status-publish","hentry"],"yoast_head":"<!-- This site is optimized with the Yoast SEO plugin v27.0 - https:\/\/yoast.com\/product\/yoast-seo-wordpress\/ -->\n<title>Homeowner Insurance - Cheap Home Insurance<\/title>\n<meta name=\"description\" content=\"Grab the cheapest home insurance. Protect your property with trusted homeowner insurance coverage and save more today with Smart Insurance.\" \/>\n<meta name=\"robots\" content=\"index, follow, max-snippet:-1, max-image-preview:large, max-video-preview:-1\" \/>\n<link rel=\"canonical\" href=\"https:\/\/smartinsureme.com\/es\/formulario-de-hogar\/\" \/>\n<meta property=\"og:locale\" content=\"es_ES\" \/>\n<meta property=\"og:type\" content=\"article\" \/>\n<meta property=\"og:title\" content=\"Homeowner Insurance - Cheap Home Insurance\" \/>\n<meta property=\"og:description\" content=\"Grab the cheapest home insurance. Protect your property with trusted homeowner insurance coverage and save more today with Smart Insurance.\" \/>\n<meta property=\"og:url\" content=\"https:\/\/smartinsureme.com\/es\/formulario-de-hogar\/\" \/>\n<meta property=\"og:site_name\" content=\"smartinsureme.com\" \/>\n<meta property=\"article:modified_time\" content=\"2025-10-31T11:24:27+00:00\" \/>\n<meta property=\"og:image\" content=\"https:\/\/smartinsureme.com\/wp-content\/plugins\/wpforms\/assets\/images\/submit-spin.svg\" \/>\n<meta name=\"twitter:card\" content=\"summary_large_image\" \/>\n<meta name=\"twitter:label1\" content=\"Tiempo de lectura\" \/>\n\t<meta name=\"twitter:data1\" content=\"1 minuto\" \/>\n<script type=\"application\/ld+json\" class=\"yoast-schema-graph\">{\"@context\":\"https:\/\/schema.org\",\"@graph\":[{\"@type\":\"WebPage\",\"@id\":\"https:\/\/smartinsureme.com\/home-form\/\",\"url\":\"https:\/\/smartinsureme.com\/home-form\/\",\"name\":\"Homeowner Insurance - Cheap Home Insurance\",\"isPartOf\":{\"@id\":\"https:\/\/smartinsureme.com\/#website\"},\"primaryImageOfPage\":{\"@id\":\"https:\/\/smartinsureme.com\/home-form\/#primaryimage\"},\"image\":{\"@id\":\"https:\/\/smartinsureme.com\/home-form\/#primaryimage\"},\"thumbnailUrl\":\"https:\/\/smartinsureme.com\/wp-content\/plugins\/wpforms\/assets\/images\/submit-spin.svg\",\"datePublished\":\"2025-08-24T11:56:30+00:00\",\"dateModified\":\"2025-10-31T11:24:27+00:00\",\"description\":\"Grab the cheapest home insurance. Protect your property with trusted homeowner insurance coverage and save more today with Smart Insurance.\",\"breadcrumb\":{\"@id\":\"https:\/\/smartinsureme.com\/home-form\/#breadcrumb\"},\"inLanguage\":\"es\",\"potentialAction\":[{\"@type\":\"ReadAction\",\"target\":[\"https:\/\/smartinsureme.com\/home-form\/\"]}]},{\"@type\":\"ImageObject\",\"inLanguage\":\"es\",\"@id\":\"https:\/\/smartinsureme.com\/home-form\/#primaryimage\",\"url\":\"https:\/\/smartinsureme.com\/wp-content\/plugins\/wpforms\/assets\/images\/submit-spin.svg\",\"contentUrl\":\"https:\/\/smartinsureme.com\/wp-content\/plugins\/wpforms\/assets\/images\/submit-spin.svg\"},{\"@type\":\"BreadcrumbList\",\"@id\":\"https:\/\/smartinsureme.com\/home-form\/#breadcrumb\",\"itemListElement\":[{\"@type\":\"ListItem\",\"position\":1,\"name\":\"Home\",\"item\":\"https:\/\/smartinsureme.com\/\"},{\"@type\":\"ListItem\",\"position\":2,\"name\":\"Home form\"}]},{\"@type\":\"WebSite\",\"@id\":\"https:\/\/smartinsureme.com\/#website\",\"url\":\"https:\/\/smartinsureme.com\/\",\"name\":\"smartinsureme.com\",\"description\":\"\",\"potentialAction\":[{\"@type\":\"SearchAction\",\"target\":{\"@type\":\"EntryPoint\",\"urlTemplate\":\"https:\/\/smartinsureme.com\/?s={search_term_string}\"},\"query-input\":{\"@type\":\"PropertyValueSpecification\",\"valueRequired\":true,\"valueName\":\"search_term_string\"}}],\"inLanguage\":\"es\"}]}<\/script>\n<!-- \/ Yoast SEO plugin. -->","yoast_head_json":{"title":"Seguro para Propietarios de Vivienda - Seguro de Hogar Econ\u00f3mico","description":"Obt\u00e9n el seguro de hogar m\u00e1s econ\u00f3mico. Protege tu propiedad con una cobertura confiable para propietarios de vivienda y ahorra m\u00e1s hoy mismo con Smart Insurance.","robots":{"index":"index","follow":"follow","max-snippet":"max-snippet:-1","max-image-preview":"max-image-preview:large","max-video-preview":"max-video-preview:-1"},"canonical":"https:\/\/smartinsureme.com\/es\/formulario-de-hogar\/","og_locale":"es_ES","og_type":"article","og_title":"Homeowner Insurance - Cheap Home Insurance","og_description":"Grab the cheapest home insurance. Protect your property with trusted homeowner insurance coverage and save more today with Smart Insurance.","og_url":"https:\/\/smartinsureme.com\/es\/formulario-de-hogar\/","og_site_name":"smartinsureme.com","article_modified_time":"2025-10-31T11:24:27+00:00","og_image":[{"url":"https:\/\/smartinsureme.com\/wp-content\/plugins\/wpforms\/assets\/images\/submit-spin.svg","type":"","width":"","height":""}],"twitter_card":"summary_large_image","twitter_misc":{"Tiempo de lectura":"1 minuto"},"schema":{"@context":"https:\/\/schema.org","@graph":[{"@type":"WebPage","@id":"https:\/\/smartinsureme.com\/home-form\/","url":"https:\/\/smartinsureme.com\/home-form\/","name":"Seguro para Propietarios de Vivienda - Seguro de Hogar Econ\u00f3mico","isPartOf":{"@id":"https:\/\/smartinsureme.com\/#website"},"primaryImageOfPage":{"@id":"https:\/\/smartinsureme.com\/home-form\/#primaryimage"},"image":{"@id":"https:\/\/smartinsureme.com\/home-form\/#primaryimage"},"thumbnailUrl":"https:\/\/smartinsureme.com\/wp-content\/plugins\/wpforms\/assets\/images\/submit-spin.svg","datePublished":"2025-08-24T11:56:30+00:00","dateModified":"2025-10-31T11:24:27+00:00","description":"Obt\u00e9n el seguro de hogar m\u00e1s econ\u00f3mico. Protege tu propiedad con una cobertura confiable para propietarios de vivienda y ahorra m\u00e1s hoy mismo con Smart Insurance.","breadcrumb":{"@id":"https:\/\/smartinsureme.com\/home-form\/#breadcrumb"},"inLanguage":"es","potentialAction":[{"@type":"ReadAction","target":["https:\/\/smartinsureme.com\/home-form\/"]}]},{"@type":"ImageObject","inLanguage":"es","@id":"https:\/\/smartinsureme.com\/home-form\/#primaryimage","url":"https:\/\/smartinsureme.com\/wp-content\/plugins\/wpforms\/assets\/images\/submit-spin.svg","contentUrl":"https:\/\/smartinsureme.com\/wp-content\/plugins\/wpforms\/assets\/images\/submit-spin.svg"},{"@type":"BreadcrumbList","@id":"https:\/\/smartinsureme.com\/home-form\/#breadcrumb","itemListElement":[{"@type":"ListItem","position":1,"name":"Home","item":"https:\/\/smartinsureme.com\/"},{"@type":"ListItem","position":2,"name":"Home form"}]},{"@type":"WebSite","@id":"https:\/\/smartinsureme.com\/#website","url":"https:\/\/smartinsureme.com\/","name":"smartinsureme.com","description":"","potentialAction":[{"@type":"SearchAction","target":{"@type":"EntryPoint","urlTemplate":"https:\/\/smartinsureme.com\/?s={search_term_string}"},"query-input":{"@type":"PropertyValueSpecification","valueRequired":true,"valueName":"search_term_string"}}],"inLanguage":"es"}]}},"_links":{"self":[{"href":"https:\/\/smartinsureme.com\/es\/wp-json\/wp\/v2\/pages\/2660","targetHints":{"allow":["GET"]}}],"collection":[{"href":"https:\/\/smartinsureme.com\/es\/wp-json\/wp\/v2\/pages"}],"about":[{"href":"https:\/\/smartinsureme.com\/es\/wp-json\/wp\/v2\/types\/page"}],"author":[{"embeddable":true,"href":"https:\/\/smartinsureme.com\/es\/wp-json\/wp\/v2\/users\/1"}],"replies":[{"embeddable":true,"href":"https:\/\/smartinsureme.com\/es\/wp-json\/wp\/v2\/comments?post=2660"}],"version-history":[{"count":4,"href":"https:\/\/smartinsureme.com\/es\/wp-json\/wp\/v2\/pages\/2660\/revisions"}],"predecessor-version":[{"id":2672,"href":"https:\/\/smartinsureme.com\/es\/wp-json\/wp\/v2\/pages\/2660\/revisions\/2672"}],"wp:attachment":[{"href":"https:\/\/smartinsureme.com\/es\/wp-json\/wp\/v2\/media?parent=2660"}],"curies":[{"name":"wp","href":"https:\/\/api.w.org\/{rel}","templated":true}]}}